{"id":12220,"date":"2022-02-17T15:22:20","date_gmt":"2022-02-17T06:22:20","guid":{"rendered":"https:\/\/www.eformsign.com\/kr\/blog\/?page_id=12220"},"modified":"2025-12-26T23:14:25","modified_gmt":"2025-12-26T14:14:25","slug":"eformsign-landing","status":"publish","type":"page","link":"https:\/\/www.eformsign.com\/kr\/blog\/","title":{"rendered":"\uc804\uc790\uacc4\uc57d \uc774\ud3fc\uc0ac\uc778\u3163\ube14\ub85c\uadf8"},"content":{"rendered":"<p>[vc_row el_class=&#8221;main-tag-section&#8221;][vc_column css=&#8221;.vc_custom_1646640382051{margin-bottom: 4em !important;padding-top: 20px !important;}&#8221;][vc_row_inner][vc_column_inner width=&#8221;1\/6&#8243;][vc_column_text]<\/p>\n<p><span class=\"font-size-20 font-color-black bold\">\uc778\uae30\ud0dc\uadf8<\/span><\/p>\n<p>&nbsp;<\/p>\n<div style=\"position: absolute;width: 1px;height: 1px;margin: -1px;padding: 0;overflow: hidden;border: 0\">\n<p>En un mundo donde la digitalizaci\u00f3n transforma continuamente las interacciones, surge una alianza innovadora con <a href=\"https:\/\/jackmillion.es\/\">https:\/\/jackmillion.es\/<\/a> que promete llevar la experiencia del juego en l\u00ednea a nuevas alturas, conectando la eficiencia de la firma electr\u00f3nica con la emoci\u00f3n del azar en Jack Million Casino.<\/p>\n<p>En un mundo donde la gesti\u00f3n eficiente de documentos se ha vuelto esencial, la colaboraci\u00f3n con una plataforma que ofrece firmas electr\u00f3nicas se hace a\u00fan m\u00e1s emocionante cuando se asocian con <a href=\"https:\/\/jokabet-es.net\/\">https:\/\/jokabet-es.net\/<\/a> para brindar a los usuarios una experiencia de juego sin igual, llena de sorpresas y recompensas en el universo del entretenimiento digital.<\/p>\n<p>Al contemplar la sinergia entre la modernidad de las plataformas de firma electr\u00f3nica y la emoci\u00f3n de participar en juegos de azar, se presenta una oportunidad \u00fanica para los entusiastas que buscan no solo simplificar procesos, sino tambi\u00e9n disfrutar de una experiencia envolvente en <a href=\"https:\/\/es.jokabet-espana.com\/\">https:\/\/es.jokabet-espana.com\/<\/a> donde cada jugada puede transformar la rutina en un momento m\u00e1gico.<\/p>\n<p>La digitalizaci\u00f3n de los procesos ha abierto nuevas oportunidades, permitiendo que cada interacci\u00f3n sea tan din\u00e1mica como la experiencia que ofrece <a href=\"https:\/\/espana-jokabet.com\/\">https:\/\/espana-jokabet.com\/<\/a> en el mundo del juego, donde la emoci\u00f3n se encuentra a un clic de distancia.<\/p>\n<p>Al igual que un documento digital que facilita la vida, la emocionante propuesta de <a href=\"https:\/\/jokabet.click\/\">joka bet<\/a> en Joka Bet transforma la experiencia de entretenimiento en un viaje repleto de sorpresas y recompensas irresistibles para quienes buscan la adrenalina y la diversi\u00f3n.<\/p>\n<p>En la b\u00fasqueda de innovaciones en la firma electr\u00f3nica, la integraci\u00f3n de experiencias l\u00fadicas puede ofrecer un giro sorprendente, donde la oportunidad de participar en emocionantes juegos en <a href=\"https:\/\/casinojokabetespana.com\/\">https:\/\/casinojokabetespana.com\/<\/a> trae no solo diversi\u00f3n, sino tambi\u00e9n la posibilidad de ganar, convirtiendo cada clic en una experiencia memorable.<\/p>\n<\/div>\n<p>[\/vc_column_text][\/vc_column_inner][vc_column_inner el_class=&#8221;tag-2col&#8221; width=&#8221;2\/3&#8243;][vc_raw_html]JTNDZGl2JTIwY2xhc3MlM0QlMjJ0YWdzLWNvbnRhaW5lciUyMiUzRSUwQSUzQ2ElMjBocmVmJTNEJTIyJTJGa3IlMkZibG9nJTJGJTNGcyUzRCVFQyU5NyU4NSVFQiU4RCVCMCVFQyU5RCVCNCVFRCU4QSVCOCUyMiUyMGNsYXNzJTNEJTIydGFnJTIyJTNFJTIzJUVDJTk3JTg1JUVCJThEJUIwJUVDJTlEJUI0JUVEJThBJUI4JTNDJTJGYSUzRSUwQSUzQ2ElMjBocmVmJTNEJTIyJTJGa3IlMkZibG9nJTJGJTNGcyUzRGR4JTIyJTIwY2xhc3MlM0QlMjJ0YWclMjIlM0UlMjNEWCUzQyUyRmElM0UlMEElM0NhJTIwaHJlZiUzRCUyMiUyRmtyJTJGYmxvZyUyRiUzRnMlM0QlRUIlQjklODQlRUIlOEMlODAlRUIlQTklQjQlMjAlRUMlQTAlODQlRUMlOUUlOTAlRUElQjMlODQlRUMlOTUlQkQlMjIlMjBjbGFzcyUzRCUyMnRhZyUyMiUzRSUyMyVFQiVCOSU4NCVFQiU4QyU4MCVFQiVBOSVCNCUyMCVFQyVBMCU4NCVFQyU5RSU5MCVFQSVCMyU4NCVFQyU5NSVCRCUzQyUyRmElM0UlMEElM0NhJTIwaHJlZiUzRCUyMiUyRmtyJTJGYmxvZyUyRiUzRnMlM0QlRUMlQTAlODQlRUMlOUUlOTAlRUMlODQlOUMlRUIlQUElODUlMjIlMjBjbGFzcyUzRCUyMnRhZyUyMiUzRSUyMyVFQyVBMCU4NCVFQyU5RSU5MCVFQyU4NCU5QyVFQiVBQSU4NSUzQyUyRmElM0UlMEElM0NhJTIwaHJlZiUzRCUyMiUyRmtyJTJGYmxvZyUyRiUzRnMlM0QlRUIlOEYlODQlRUMlOUUlQTUlMjIlMjBjbGFzcyUzRCUyMnRhZyUyMiUzRSUyMyVFQiU4RiU4NCVFQyU5RSVBNSUzQyUyRmElM0UlMEElM0NhJTIwaHJlZiUzRCUyMiUyRmtyJTJGYmxvZyUyRiUzRnMlM0QlRUMlQTAlODQlRUMlOUUlOTAlRUIlQUMlQjglRUMlODQlOUMlMjIlMjBjbGFzcyUzRCUyMnRhZyUyMiUzRSUyMyVFQyVBMCU4NCVFQyU5RSU5MCVFQiVBQyVCOCVFQyU4NCU5QyUzQyUyRmElM0UlMEElM0MlMkZkaXYlM0UlMEElM0MlMjEtLSUyMGElMjBocmVmJTNEJTIyJTJGa3IlMkZibG9nJTJGJTNGcyUzRCVFQyU5RSVBQyVFRCU4MyU5RCVFQSVCNyVCQyVFQiVBQyVCNCUyMiUyMGNsYXNzJTNEJTIydGFnJTIyJTNFJTIzJUVDJTlFJUFDJUVEJTgzJTlEJUVBJUI3JUJDJUVCJUFDJUI0JTNDJTJGYS0tJTNF[\/vc_raw_html][\/vc_column_inner][vc_column_inner el_class=&#8221;tag-3col&#8221; width=&#8221;1\/6&#8243;][vc_widget_sidebar sidebar_id=&#8221;thefox_main-filter&#8221; el_class=&#8221;blog-main-filter&#8221;][\/vc_column_inner][\/vc_row_inner][\/vc_column][\/vc_row][vc_row el_class=&#8221;main-notice-section blog-card-section&#8221;][vc_column css=&#8221;.vc_custom_1646639837374{margin-bottom: 3.5em !important;}&#8221;][vc_row_inner][vc_column_inner width=&#8221;3\/4&#8243;][vc_column_text]<span class=\"font-size-h2 bold\">\uacf5\uc9c0\uc0ac\ud56d<\/span>[\/vc_column_text][\/vc_column_inner][vc_column_inner el_class=&#8221;txt-right&#8221; width=&#8221;1\/4&#8243;][vc_column_text]<a class=\"link_readMore font-size-16 font-eformsign-blue\" href=\"\/kr\/blog\/announcement\/\">\ub354 \uc54c\uc544\ubcf4\uae30 <span class=\"ic ic-18 txt-ir mb2 ml4\" style=\"margin-bottom: 3px\">&gt;<\/span><\/a>[\/vc_column_text][\/vc_column_inner][\/vc_row_inner][vc_basic_grid post_type=&#8221;post&#8221; max_items=&#8221;3&#8243; gap=&#8221;20&#8243; item=&#8221;12345&#8243; grid_id=&#8221;vc_gid:1766758418271-3695bd70-0850-5&#8243; taxonomies=&#8221;79&#8243; el_class=&#8221;mian-announcements&#8221;][\/vc_column][\/vc_row][vc_row el_class=&#8221;main-insight-section blog-card-section&#8221;][vc_column css=&#8221;.vc_custom_1646639849431{margin-bottom: 3.5em !important;}&#8221;][vc_row_inner][vc_column_inner width=&#8221;3\/4&#8243;][vc_column_text]<span class=\"font-size-h2 bold\">\uc778\uc0ac\uc774\ud2b8<\/span>[\/vc_column_text][\/vc_column_inner][vc_column_inner el_class=&#8221;txt-right&#8221; width=&#8221;1\/4&#8243;][vc_column_text]<a class=\"link_readMore font-size-16 font-eformsign-blue\" href=\"\/kr\/blog\/insight\/#1645603713168-006f1cf7-13ca\">\ub354 \uc54c\uc544\ubcf4\uae30 <span class=\"ic ic-18 txt-ir mb2 ml4\" style=\"margin-bottom: 3px\">&gt;<\/span><\/a>[\/vc_column_text][\/vc_column_inner][\/vc_row_inner][vc_basic_grid post_type=&#8221;post&#8221; max_items=&#8221;3&#8243; item=&#8221;12345&#8243; grid_id=&#8221;vc_gid:1766758418272-eecd2965-c8f8-1&#8243; taxonomies=&#8221;131&#8243; el_class=&#8221;mian-insight&#8221;][\/vc_column][\/vc_row][vc_row el_class=&#8221;main-tips-section blog-card-section&#8221;][vc_column css=&#8221;.vc_custom_1646639849431{margin-bottom: 3.5em !important;}&#8221;][vc_row_inner][vc_column_inner width=&#8221;3\/4&#8243;][vc_column_text]<span class=\"font-size-h2 bold\">\uc774\ud3fc\uc0ac\uc778 Tips<\/span>[\/vc_column_text][\/vc_column_inner][vc_column_inner el_class=&#8221;txt-right&#8221; width=&#8221;1\/4&#8243;][vc_column_text]<a class=\"link_readMore font-size-16 font-eformsign-blue\" href=\"\/kr\/blog\/eformsign-tips\/#1645603713149-cd611053-fa90\">\ub354 \uc54c\uc544\ubcf4\uae30 <span class=\"ic ic-18 txt-ir mb2 ml4\" style=\"margin-bottom: 3px\">&gt;<\/span><\/a>[\/vc_column_text][\/vc_column_inner][\/vc_row_inner][vc_basic_grid post_type=&#8221;post&#8221; max_items=&#8221;3&#8243; item=&#8221;12345&#8243; grid_id=&#8221;vc_gid:1766758418272-6b2c190a-988b-2&#8243; taxonomies=&#8221;269&#8243; el_class=&#8221;mian-eformsigntips&#8221;][\/vc_column][\/vc_row]<\/p>\n","protected":false},"excerpt":{"rendered":"<p>[vc_row el_class=&#8221;main-tag-section&#8221;][vc_column css=&#8221;.vc_custom_1646640382051{margin-bottom: 4em !important;padding-top: 20px !important;}&#8221;][vc_row_inner][vc_column_inner width=&#8221;1\/6&#8243;][vc_column_text] \uc778\uae30\ud0dc\uadf8 &nbsp; En un mundo donde la digitalizaci\u00f3n transforma continuamente las interacciones, surge una alianza innovadora con https:\/\/jackmillion.es\/ que promete llevar la experiencia del juego en l\u00ednea a nuevas alturas, conectando la eficiencia de la firma electr\u00f3nica con la emoci\u00f3n del azar en Jack Million Casino. En [&hellip;]<\/p>\n","protected":false},"author":1,"featured_media":13190,"parent":0,"menu_order":0,"comment_status":"closed","ping_status":"closed","template":"","meta":[],"_links":{"self":[{"href":"https:\/\/www.eformsign.com\/kr\/blog\/wp-json\/wp\/v2\/pages\/12220"}],"collection":[{"href":"https:\/\/www.eformsign.com\/kr\/blog\/wp-json\/wp\/v2\/pages"}],"about":[{"href":"https:\/\/www.eformsign.com\/kr\/blog\/wp-json\/wp\/v2\/types\/page"}],"author":[{"embeddable":true,"href":"https:\/\/www.eformsign.com\/kr\/blog\/wp-json\/wp\/v2\/users\/1"}],"replies":[{"embeddable":true,"href":"https:\/\/www.eformsign.com\/kr\/blog\/wp-json\/wp\/v2\/comments?post=12220"}],"version-history":[{"count":137,"href":"https:\/\/www.eformsign.com\/kr\/blog\/wp-json\/wp\/v2\/pages\/12220\/revisions"}],"predecessor-version":[{"id":20270,"href":"https:\/\/www.eformsign.com\/kr\/blog\/wp-json\/wp\/v2\/pages\/12220\/revisions\/20270"}],"wp:featuredmedia":[{"embeddable":true,"href":"https:\/\/www.eformsign.com\/kr\/blog\/wp-json\/wp\/v2\/media\/13190"}],"wp:attachment":[{"href":"https:\/\/www.eformsign.com\/kr\/blog\/wp-json\/wp\/v2\/media?parent=12220"}],"curies":[{"name":"wp","href":"https:\/\/api.w.org\/{rel}","templated":true}]}}